{"id":428,"date":"2016-08-17T08:02:16","date_gmt":"2016-08-17T08:02:16","guid":{"rendered":"http:\/\/www.bosnjakovic.com\/cms\/?page_id=428"},"modified":"2020-07-17T09:41:06","modified_gmt":"2020-07-17T09:41:06","slug":"my-services","status":"publish","type":"page","link":"http:\/\/www.bosnjakovic.com\/cms\/my-services\/","title":{"rendered":"Gde mogu pomo\u0107i"},"content":{"rendered":"<h2>Dizajn treninga i realizacija<\/h2>\n<p>U dana\u0161njim promenjivim tr\u017ei\u0161nim okolnostima ono \u0161to uvek mo\u017eete jeste da pripremite i edukujete va\u0161e zaposlene da budu bolji u liderstvu, prodaji, komunikaciji kao i u drugim kompetencama koje su neophodne u dana\u0161njem poslovanju. Tokom 14 godina rada sa ljudima smislio sam nove i\u00a0 inovativne trening pristupe koji su fokusirani na rezultat i rast pojedinaca i organizacija.<\/p>\n<h2>ONLINE treninzi<\/h2>\n<p>U dana\u0161nje veoma promenjivo vreme, sve vi\u0161e kompanija prelazi na REMOTE na\u010din rada. Virtuelni timovi su postali stvarnost. I dalje je potrebno raditi sa liderima, prodavcima i svima koji donose profit i vrednost kompanijama.<\/p>\n<p>Osmislio sam specifi\u010dan program koji je usmeren na ONLINE edukacije.<\/p>\n<h2>Trening za trenere<\/h2>\n<p>\u017delite da se bavite treninzima. Ve\u0107 radite u kompaniji i zadu\u017eeni ste za edukacije i razvoj zaposlenih. Za vas sam pripremio individualni program koji se fokusira na ono \u0161to je vama stvarno va\u017eno.<\/p>\n<h2>Life coaching<\/h2>\n<p>Svi imamo ciljeve. Neki imaju manje ciljeve i neki imaju VELIKE CILJEVE. Ja radim sa ljudima i asistiram im da bi postigli svoj pun potencijal i da bi ih podr\u017eao na putu ka uspehu.<\/p>\n<p>Budite najbolji i oslobodite unutra\u0161nje potencijale.<\/p>\n<h2>Biznis coaching<\/h2>\n<p>Moderni lideri i profesionalci danas imaju mnoge izazove. Ja im asistiram u njihovim planovima za uspe\u0161nu i dugotrajnu karijeru. Podr\u017eavam ih sa uvidima u njihove snage i \u0161anse i dajem im prostora da mogu prona\u0107i najbolji na\u010din da ih oslobode.<\/p>\n<h2>Timski coaching<\/h2>\n<p>Formiranje timova koji nastaju iz grupa su najkreativniji procesi u kojima sam u\u010destvovao. Poma\u017eem timovima da sagledaju i defini\u0161u timske vrednosti i da integri\u0161u misiju i viziju.<\/p>\n<h4>Javite mi se za sve zanimljive projekte koje zajedno mo\u017eemo realizovati.<\/h4>\n<h4>email: josip@bosnjakovic.com<\/h4>\n<h4>telephone: +381 64 1171178<\/h4>\n","protected":false},"excerpt":{"rendered":"<p>Dizajn treninga i realizacija U dana\u0161njim promenjivim tr\u017ei\u0161nim okolnostima ono \u0161to uvek mo\u017eete jeste da pripremite i edukujete va\u0161e zaposlene da budu bolji u liderstvu, prodaji, komunikaciji kao i u drugim kompetencama koje su neophodne u dana\u0161njem poslovanju. Tokom 14 godina rada sa ljudima smislio sam nove i\u00a0 inovativne trening [&hellip;]<\/p>\n","protected":false},"author":1,"featured_media":522,"parent":0,"menu_order":0,"comment_status":"closed","ping_status":"closed","template":"","meta":{"footnotes":""},"class_list":["post-428","page","type-page","status-publish","has-post-thumbnail","hentry"],"aioseo_notices":[],"_links":{"self":[{"href":"http:\/\/www.bosnjakovic.com\/cms\/wp-json\/wp\/v2\/pages\/428","targetHints":{"allow":["GET"]}}],"collection":[{"href":"http:\/\/www.bosnjakovic.com\/cms\/wp-json\/wp\/v2\/pages"}],"about":[{"href":"http:\/\/www.bosnjakovic.com\/cms\/wp-json\/wp\/v2\/types\/page"}],"author":[{"embeddable":true,"href":"http:\/\/www.bosnjakovic.com\/cms\/wp-json\/wp\/v2\/users\/1"}],"replies":[{"embeddable":true,"href":"http:\/\/www.bosnjakovic.com\/cms\/wp-json\/wp\/v2\/comments?post=428"}],"version-history":[{"count":11,"href":"http:\/\/www.bosnjakovic.com\/cms\/wp-json\/wp\/v2\/pages\/428\/revisions"}],"predecessor-version":[{"id":616,"href":"http:\/\/www.bosnjakovic.com\/cms\/wp-json\/wp\/v2\/pages\/428\/revisions\/616"}],"wp:featuredmedia":[{"embeddable":true,"href":"http:\/\/www.bosnjakovic.com\/cms\/wp-json\/wp\/v2\/media\/522"}],"wp:attachment":[{"href":"http:\/\/www.bosnjakovic.com\/cms\/wp-json\/wp\/v2\/media?parent=428"}],"curies":[{"name":"wp","href":"https:\/\/api.w.org\/{rel}","templated":true}]}}