{"id":5,"date":"2012-09-22T21:42:50","date_gmt":"2012-09-22T21:42:50","guid":{"rendered":"http:\/\/www.bosnjakovic.com\/cms\/?page_id=5"},"modified":"2021-07-08T06:51:39","modified_gmt":"2021-07-08T06:51:39","slug":"o-meni","status":"publish","type":"page","link":"http:\/\/www.bosnjakovic.com\/cms\/o-meni\/","title":{"rendered":"O MENI"},"content":{"rendered":"<div class=\"row\"><\/p>\n<p><\/div>\n<div class=\"col-sm-6\"><p><\/p>\n<p><img loading=\"lazy\" decoding=\"async\" class=\"alignnone size-full wp-image-342\" src=\"http:\/\/www.bosnjakovic.com\/cms\/wp-content\/uploads\/2012\/09\/josip-circle3.png\" alt=\"josip-circle3\" width=\"700\" height=\"700\" srcset=\"http:\/\/www.bosnjakovic.com\/cms\/wp-content\/uploads\/2012\/09\/josip-circle3.png 700w, http:\/\/www.bosnjakovic.com\/cms\/wp-content\/uploads\/2012\/09\/josip-circle3-160x160.png 160w, http:\/\/www.bosnjakovic.com\/cms\/wp-content\/uploads\/2012\/09\/josip-circle3-600x600.png 600w, http:\/\/www.bosnjakovic.com\/cms\/wp-content\/uploads\/2012\/09\/josip-circle3-300x300.png 300w, http:\/\/www.bosnjakovic.com\/cms\/wp-content\/uploads\/2012\/09\/josip-circle3-450x450.png 450w, http:\/\/www.bosnjakovic.com\/cms\/wp-content\/uploads\/2012\/09\/josip-circle3-250x250.png 250w, http:\/\/www.bosnjakovic.com\/cms\/wp-content\/uploads\/2012\/09\/josip-circle3-125x125.png 125w\" sizes=\"auto, (max-width: 700px) 100vw, 700px\" \/><\/p>\n<p>\u010clan sam:<\/p>\n<h6><span>International Association of NLP Institutes:<\/span><\/h6>\n<p><a href=\"https:\/\/www.nlp-institutes.net\/\"><img loading=\"lazy\" decoding=\"async\" src=\"http:\/\/www.bosnjakovic.com\/cms\/wp-content\/uploads\/2021\/07\/IN_25mm.png\" alt=\"\" width=\"149\" height=\"106\" class=\"alignnone  wp-image-683\" \/><\/a><\/p>\n<h6><span>International Association of Coaching Institutes<\/span><\/h6>\n<p><a href=\"https:\/\/www.coaching-institutes.net\/\"><img loading=\"lazy\" decoding=\"async\" src=\"http:\/\/www.bosnjakovic.com\/cms\/wp-content\/uploads\/2021\/07\/ICI_25mm.png\" alt=\"\" width=\"131\" height=\"127\" class=\"alignnone  wp-image-684\" \/><\/a><\/p>\n<p><\/p><\/div>\n<div class=\"col-sm-6\"><p><\/p>\n<h3>O MENI<\/h3>\n<p><strong data-rich-text-format-boundary=\"true\">Trener sam<\/strong> i coach sa vi\u0161e od 15 godina iskustva u razvoju pojedinaca i organizacija. Sertifikovani sam NLP Master trener i konsultant za sve programe kompanije <em>Persona Global<\/em>.<\/p>\n<p>U dosada\u0161njem iskustvu sam dizajnirao i vodio vi\u0161e projekata raznih trening programa kroz preko 400 dana treninga u Srbiji, Crnoj Gori, \u010ce\u0161koj republici, Sloveniji, Bugarskoj i drugim zemljama.<\/p>\n<p>Pre trenerske i konsultantske karijere, imao sam 8 godina iskustva u prodaji, marketingu i upravljanju kroz pozicije u vi\u0161e doma\u0107ih i stranih kompanija.<\/p>\n<p>Danas sam vlasnik kompanije <a href=\"http:\/\/www.BRIDGE.co.rs\">BRIDGE Communications<\/a> koja je i nastala iz mojih li\u010dnih vrednosti i ciljeva &#8211; razvoj pojedinaca, timova i kompanija na malo druga\u010diji na\u010din.<\/p>\n<p>U toku 2020. godine sam svoje iskustvo i znanje odlu\u010dio da prenesem na druga\u010diji na\u010din i objavio sam knjigu<a href=\"https:\/\/nlpvodic.com\/\">\u00a0\u201cPromeni pravila igre \u2013 NLP vodi\u010d za moderne heroje i heroine\u201d<\/a>.<\/p>\n<p>Privatno, Josip je otac Davida i Sofije i Danijelin suprug.<\/p>\n<p>\u010cesto me mo\u017eete videti kako \u0161etam (ili tr\u010dim) Fru\u0161kom gorom, vozim <em>snowboard<\/em> ili bicikl. Tako\u0111e, strastveni sam ljubitelj dobre hrane i kvalitetnog vina.<\/p>\n<p><\/p><\/div>\n<h5><\/h5>\n","protected":false},"excerpt":{"rendered":"","protected":false},"author":1,"featured_media":549,"parent":0,"menu_order":0,"comment_status":"closed","ping_status":"open","template":"","meta":{"footnotes":""},"class_list":["post-5","page","type-page","status-publish","has-post-thumbnail","hentry"],"aioseo_notices":[],"_links":{"self":[{"href":"http:\/\/www.bosnjakovic.com\/cms\/wp-json\/wp\/v2\/pages\/5","targetHints":{"allow":["GET"]}}],"collection":[{"href":"http:\/\/www.bosnjakovic.com\/cms\/wp-json\/wp\/v2\/pages"}],"about":[{"href":"http:\/\/www.bosnjakovic.com\/cms\/wp-json\/wp\/v2\/types\/page"}],"author":[{"embeddable":true,"href":"http:\/\/www.bosnjakovic.com\/cms\/wp-json\/wp\/v2\/users\/1"}],"replies":[{"embeddable":true,"href":"http:\/\/www.bosnjakovic.com\/cms\/wp-json\/wp\/v2\/comments?post=5"}],"version-history":[{"count":71,"href":"http:\/\/www.bosnjakovic.com\/cms\/wp-json\/wp\/v2\/pages\/5\/revisions"}],"predecessor-version":[{"id":688,"href":"http:\/\/www.bosnjakovic.com\/cms\/wp-json\/wp\/v2\/pages\/5\/revisions\/688"}],"wp:featuredmedia":[{"embeddable":true,"href":"http:\/\/www.bosnjakovic.com\/cms\/wp-json\/wp\/v2\/media\/549"}],"wp:attachment":[{"href":"http:\/\/www.bosnjakovic.com\/cms\/wp-json\/wp\/v2\/media?parent=5"}],"curies":[{"name":"wp","href":"https:\/\/api.w.org\/{rel}","templated":true}]}}