{"id":568,"date":"2020-07-17T07:34:57","date_gmt":"2020-07-17T07:34:57","guid":{"rendered":"http:\/\/www.bosnjakovic.com\/cms\/?page_id=568"},"modified":"2020-07-17T11:00:00","modified_gmt":"2020-07-17T11:00:00","slug":"moja-knjiga","status":"publish","type":"page","link":"http:\/\/www.bosnjakovic.com\/cms\/moja-knjiga\/","title":{"rendered":"Moja knjiga"},"content":{"rendered":"\n<p>Posle godinu dana pripreme i rada na materijalu, moja druga knjiga je ugledala svetlost dana. Razmi\u0161ljaju\u0107i o naslovu, po\u017eeleo sam da dam neku vrstu pe\u010data vremenu u kome \u017eivimo i da predstavim NLP na pragmati\u010dan i upotrebljiv na\u010din.<\/p>\n\n\n\n<p>Ukoliko \u017eelite da se upoznate sa ovim izdanjem i time kako sam ja video NLP, vi\u0161e informacija \u0107ete prona\u0107i na adresi <a rel=\"noreferrer noopener\" href=\"http:\/\/www.nlpvodic.com\" target=\"_blank\">www.NLPvodic.com<\/a><\/p>\n\n\n\n<h4 class=\"wp-block-heading\">Detalj sa promocije u Novom Sadu:<\/h4>\n\n\n\n<figure class=\"wp-block-image size-large\"><img loading=\"lazy\" decoding=\"async\" width=\"1024\" height=\"683\" src=\"http:\/\/www.bosnjakovic.com\/cms\/wp-content\/uploads\/2020\/07\/DSC_1917-1024x683.jpg\" alt=\"\" class=\"wp-image-575\" srcset=\"http:\/\/www.bosnjakovic.com\/cms\/wp-content\/uploads\/2020\/07\/DSC_1917-1024x683.jpg 1024w, http:\/\/www.bosnjakovic.com\/cms\/wp-content\/uploads\/2020\/07\/DSC_1917-300x200.jpg 300w, http:\/\/www.bosnjakovic.com\/cms\/wp-content\/uploads\/2020\/07\/DSC_1917-768x512.jpg 768w, http:\/\/www.bosnjakovic.com\/cms\/wp-content\/uploads\/2020\/07\/DSC_1917-1536x1024.jpg 1536w, http:\/\/www.bosnjakovic.com\/cms\/wp-content\/uploads\/2020\/07\/DSC_1917-2048x1365.jpg 2048w, http:\/\/www.bosnjakovic.com\/cms\/wp-content\/uploads\/2020\/07\/DSC_1917-360x240.jpg 360w, http:\/\/www.bosnjakovic.com\/cms\/wp-content\/uploads\/2020\/07\/DSC_1917-600x400.jpg 600w\" sizes=\"auto, (max-width: 1024px) 100vw, 1024px\" \/><\/figure>\n\n\n\n<p>Knjigu mo\u017eete naru\u010diti preko sajta <a href=\"http:\/\/www.NLPvodic.com\" target=\"_blank\" rel=\"noreferrer noopener\"><strong>www.NLPvodic.com<\/strong><\/a> ili kupiti u Novom Sadu u knji\u017eari <a href=\"https:\/\/zenitbooks.com\/\" target=\"_blank\" rel=\"noreferrer noopener\"><strong>Zenit<\/strong><\/a>.<\/p>\n\n\n\n<p><\/p>\n\n\n\n<p><\/p>\n\n\n\n<p><\/p>\n","protected":false},"excerpt":{"rendered":"<p>Posle godinu dana pripreme i rada na materijalu, moja druga knjiga je ugledala svetlost dana. Razmi\u0161ljaju\u0107i o naslovu, po\u017eeleo sam da dam neku vrstu pe\u010data vremenu u kome \u017eivimo i da predstavim NLP na pragmati\u010dan i upotrebljiv na\u010din. Ukoliko \u017eelite da se upoznate sa ovim izdanjem i time kako sam [&hellip;]<\/p>\n","protected":false},"author":1,"featured_media":569,"parent":0,"menu_order":0,"comment_status":"closed","ping_status":"closed","template":"","meta":{"footnotes":""},"class_list":["post-568","page","type-page","status-publish","has-post-thumbnail","hentry"],"aioseo_notices":[],"_links":{"self":[{"href":"http:\/\/www.bosnjakovic.com\/cms\/wp-json\/wp\/v2\/pages\/568","targetHints":{"allow":["GET"]}}],"collection":[{"href":"http:\/\/www.bosnjakovic.com\/cms\/wp-json\/wp\/v2\/pages"}],"about":[{"href":"http:\/\/www.bosnjakovic.com\/cms\/wp-json\/wp\/v2\/types\/page"}],"author":[{"embeddable":true,"href":"http:\/\/www.bosnjakovic.com\/cms\/wp-json\/wp\/v2\/users\/1"}],"replies":[{"embeddable":true,"href":"http:\/\/www.bosnjakovic.com\/cms\/wp-json\/wp\/v2\/comments?post=568"}],"version-history":[{"count":3,"href":"http:\/\/www.bosnjakovic.com\/cms\/wp-json\/wp\/v2\/pages\/568\/revisions"}],"predecessor-version":[{"id":672,"href":"http:\/\/www.bosnjakovic.com\/cms\/wp-json\/wp\/v2\/pages\/568\/revisions\/672"}],"wp:featuredmedia":[{"embeddable":true,"href":"http:\/\/www.bosnjakovic.com\/cms\/wp-json\/wp\/v2\/media\/569"}],"wp:attachment":[{"href":"http:\/\/www.bosnjakovic.com\/cms\/wp-json\/wp\/v2\/media?parent=568"}],"curies":[{"name":"wp","href":"https:\/\/api.w.org\/{rel}","templated":true}]}}